{"id":89,"date":"2014-12-09T02:52:39","date_gmt":"2014-12-09T02:52:39","guid":{"rendered":"http:\/\/municipalidaddetrehuaco.cl\/Wordpress\/?page_id=89"},"modified":"2022-02-09T12:40:13","modified_gmt":"2022-02-09T15:40:13","slug":"visitanos","status":"publish","type":"page","link":"https:\/\/www.municipalidaddetrehuaco.cl\/Wordpress\/visitanos\/","title":{"rendered":"Visitanos"},"content":{"rendered":"\n<h1 class=\"wp-block-heading\"><strong>C\u00f3mo llegar<\/strong><\/h1>\n\n\n\n<p><em><strong>Trehuaco est\u00e1 ubicada al noroeste de Chillan, posee una superficie de (425,4 kil\u00f3metros cuadrados) y una poblaci\u00f3n de (5.161) habitantes.<\/strong><\/em><\/p>\n\n\n\n<figure class=\"wp-block-image size-large is-resized\"><a href=\"https:\/\/goo.gl\/maps\/Ny7rjgWGyP4xhNXC9\" target=\"_blank\" rel=\"noopener\"><img fetchpriority=\"high\" decoding=\"async\" src=\"https:\/\/www.municipalidaddetrehuaco.cl\/Wordpress\/wp-content\/uploads\/aa-2-400x225.png\" alt=\"\" class=\"wp-image-3822\" width=\"537\" height=\"303\" srcset=\"https:\/\/www.municipalidaddetrehuaco.cl\/Wordpress\/wp-content\/uploads\/aa-2-400x225.png 400w, https:\/\/www.municipalidaddetrehuaco.cl\/Wordpress\/wp-content\/uploads\/aa-2-300x169.png 300w, https:\/\/www.municipalidaddetrehuaco.cl\/Wordpress\/wp-content\/uploads\/aa-2-768x432.png 768w, https:\/\/www.municipalidaddetrehuaco.cl\/Wordpress\/wp-content\/uploads\/aa-2-1536x864.png 1536w, https:\/\/www.municipalidaddetrehuaco.cl\/Wordpress\/wp-content\/uploads\/aa-2.png 1920w\" sizes=\"(max-width: 537px) 100vw, 537px\" \/><\/a><\/figure>\n\n\n\n<p>\u201cClick en la imagen para abri el mapa\u201d<\/p>\n","protected":false},"excerpt":{"rendered":"<p>C\u00f3mo llegar Trehuaco est\u00e1 ubicada al noroeste de Chillan, posee una superficie de (425,4 kil\u00f3metros cuadrados) y una poblaci\u00f3n de (5.161) habitantes. \u201cClick en la imagen para abri el mapa\u201d<\/p>\n","protected":false},"author":1,"featured_media":0,"parent":0,"menu_order":0,"comment_status":"closed","ping_status":"closed","template":"","meta":{"footnotes":""},"class_list":["post-89","page","type-page","status-publish","hentry"],"_links":{"self":[{"href":"https:\/\/www.municipalidaddetrehuaco.cl\/Wordpress\/wp-json\/wp\/v2\/pages\/89","targetHints":{"allow":["GET"]}}],"collection":[{"href":"https:\/\/www.municipalidaddetrehuaco.cl\/Wordpress\/wp-json\/wp\/v2\/pages"}],"about":[{"href":"https:\/\/www.municipalidaddetrehuaco.cl\/Wordpress\/wp-json\/wp\/v2\/types\/page"}],"author":[{"embeddable":true,"href":"https:\/\/www.municipalidaddetrehuaco.cl\/Wordpress\/wp-json\/wp\/v2\/users\/1"}],"replies":[{"embeddable":true,"href":"https:\/\/www.municipalidaddetrehuaco.cl\/Wordpress\/wp-json\/wp\/v2\/comments?post=89"}],"version-history":[{"count":7,"href":"https:\/\/www.municipalidaddetrehuaco.cl\/Wordpress\/wp-json\/wp\/v2\/pages\/89\/revisions"}],"predecessor-version":[{"id":3824,"href":"https:\/\/www.municipalidaddetrehuaco.cl\/Wordpress\/wp-json\/wp\/v2\/pages\/89\/revisions\/3824"}],"wp:attachment":[{"href":"https:\/\/www.municipalidaddetrehuaco.cl\/Wordpress\/wp-json\/wp\/v2\/media?parent=89"}],"curies":[{"name":"wp","href":"https:\/\/api.w.org\/{rel}","templated":true}]}}