{"id":76,"date":"2014-12-09T02:31:31","date_gmt":"2014-12-09T02:31:31","guid":{"rendered":"http:\/\/municipalidaddetrehuaco.cl\/Wordpress\/?page_id=76"},"modified":"2026-02-13T20:35:07","modified_gmt":"2026-02-13T23:35:07","slug":"contactos","status":"publish","type":"page","link":"https:\/\/www.municipalidaddetrehuaco.cl\/Wordpress\/contactos\/","title":{"rendered":"Contactos"},"content":{"rendered":"\t\t<div data-elementor-type=\"wp-page\" data-elementor-id=\"76\" class=\"elementor elementor-76\" data-elementor-post-type=\"page\">\n\t\t\t\t\t\t<section class=\"elementor-section elementor-top-section elementor-element elementor-element-3b06c7e elementor-section-boxed elementor-section-height-default elementor-section-height-default\" data-id=\"3b06c7e\" data-element_type=\"section\">\n\t\t\t\t\t\t<div class=\"elementor-container elementor-column-gap-default\">\n\t\t\t\t\t<div class=\"elementor-column elementor-col-100 elementor-top-column elementor-element elementor-element-9c998e1\" data-id=\"9c998e1\" data-element_type=\"column\">\n\t\t\t<div class=\"elementor-widget-wrap elementor-element-populated\">\n\t\t\t\t\t\t<div class=\"elementor-element elementor-element-82c73c0 elementor-widget elementor-widget-text-editor\" data-id=\"82c73c0\" data-element_type=\"widget\" data-widget_type=\"text-editor.default\">\n\t\t\t\t<div class=\"elementor-widget-container\">\n\t\t\t\t\t\t\t\t\t<p>N\u00daMERO TELEF\u00d3NICO: 42 2452595<\/p>\t\t\t\t\t\t\t\t<\/div>\n\t\t\t\t<\/div>\n\t\t\t\t<div class=\"elementor-element elementor-element-60d762b elementor-widget elementor-widget-heading\" data-id=\"60d762b\" data-element_type=\"widget\" data-widget_type=\"heading.default\">\n\t\t\t\t<div class=\"elementor-widget-container\">\n\t\t\t\t\t<h2 class=\"elementor-heading-title elementor-size-xxl\">MUNICIPAL<\/h2>\t\t\t\t<\/div>\n\t\t\t\t<\/div>\n\t\t\t\t<div class=\"elementor-element elementor-element-f7b4056 elementor-widget elementor-widget-image\" data-id=\"f7b4056\" data-element_type=\"widget\" data-widget_type=\"image.default\">\n\t\t\t\t<div class=\"elementor-widget-container\">\n\t\t\t\t\t\t\t\t\t\t\t\t\t\t\t<img fetchpriority=\"high\" decoding=\"async\" width=\"889\" height=\"1188\" src=\"https:\/\/www.municipalidaddetrehuaco.cl\/Wordpress\/wp-content\/uploads\/ANEXOS-MUNICIPALES-1000x1500-1-2.jpg\" class=\"attachment-full size-full wp-image-3836\" alt=\"\" srcset=\"https:\/\/www.municipalidaddetrehuaco.cl\/Wordpress\/wp-content\/uploads\/ANEXOS-MUNICIPALES-1000x1500-1-2.jpg 889w, https:\/\/www.municipalidaddetrehuaco.cl\/Wordpress\/wp-content\/uploads\/ANEXOS-MUNICIPALES-1000x1500-1-2-224x300.jpg 224w, https:\/\/www.municipalidaddetrehuaco.cl\/Wordpress\/wp-content\/uploads\/ANEXOS-MUNICIPALES-1000x1500-1-2-299x400.jpg 299w, https:\/\/www.municipalidaddetrehuaco.cl\/Wordpress\/wp-content\/uploads\/ANEXOS-MUNICIPALES-1000x1500-1-2-768x1026.jpg 768w\" sizes=\"(max-width: 889px) 100vw, 889px\" \/>\t\t\t\t\t\t\t\t\t\t\t\t\t\t\t<\/div>\n\t\t\t\t<\/div>\n\t\t\t\t\t<\/div>\n\t\t<\/div>\n\t\t\t\t\t<\/div>\n\t\t<\/section>\n\t\t\t\t<section class=\"elementor-section elementor-top-section elementor-element elementor-element-1b71fb3 elementor-section-boxed elementor-section-height-default elementor-section-height-default\" data-id=\"1b71fb3\" data-element_type=\"section\">\n\t\t\t\t\t\t<div class=\"elementor-container elementor-column-gap-default\">\n\t\t\t\t\t<div class=\"elementor-column elementor-col-100 elementor-top-column elementor-element elementor-element-e0927c8\" data-id=\"e0927c8\" data-element_type=\"column\">\n\t\t\t<div class=\"elementor-widget-wrap elementor-element-populated\">\n\t\t\t\t\t\t<div class=\"elementor-element elementor-element-6deea39 elementor-widget elementor-widget-heading\" data-id=\"6deea39\" data-element_type=\"widget\" data-widget_type=\"heading.default\">\n\t\t\t\t<div class=\"elementor-widget-container\">\n\t\t\t\t\t<h2 class=\"elementor-heading-title elementor-size-default\">A\u00f1ade aqu\u00ed tu texto de cabecera<\/h2>\t\t\t\t<\/div>\n\t\t\t\t<\/div>\n\t\t\t\t\t<\/div>\n\t\t<\/div>\n\t\t\t\t\t<\/div>\n\t\t<\/section>\n\t\t\t\t<\/div>\n\t\t","protected":false},"excerpt":{"rendered":"<p>N\u00daMERO TELEF\u00d3NICO: 42 2452595 MUNICIPAL A\u00f1ade aqu\u00ed tu texto de cabecera<\/p>\n","protected":false},"author":1,"featured_media":0,"parent":0,"menu_order":0,"comment_status":"closed","ping_status":"closed","template":"","meta":{"footnotes":""},"class_list":["post-76","page","type-page","status-publish","hentry"],"_links":{"self":[{"href":"https:\/\/www.municipalidaddetrehuaco.cl\/Wordpress\/wp-json\/wp\/v2\/pages\/76","targetHints":{"allow":["GET"]}}],"collection":[{"href":"https:\/\/www.municipalidaddetrehuaco.cl\/Wordpress\/wp-json\/wp\/v2\/pages"}],"about":[{"href":"https:\/\/www.municipalidaddetrehuaco.cl\/Wordpress\/wp-json\/wp\/v2\/types\/page"}],"author":[{"embeddable":true,"href":"https:\/\/www.municipalidaddetrehuaco.cl\/Wordpress\/wp-json\/wp\/v2\/users\/1"}],"replies":[{"embeddable":true,"href":"https:\/\/www.municipalidaddetrehuaco.cl\/Wordpress\/wp-json\/wp\/v2\/comments?post=76"}],"version-history":[{"count":29,"href":"https:\/\/www.municipalidaddetrehuaco.cl\/Wordpress\/wp-json\/wp\/v2\/pages\/76\/revisions"}],"predecessor-version":[{"id":5546,"href":"https:\/\/www.municipalidaddetrehuaco.cl\/Wordpress\/wp-json\/wp\/v2\/pages\/76\/revisions\/5546"}],"wp:attachment":[{"href":"https:\/\/www.municipalidaddetrehuaco.cl\/Wordpress\/wp-json\/wp\/v2\/media?parent=76"}],"curies":[{"name":"wp","href":"https:\/\/api.w.org\/{rel}","templated":true}]}}