{"id":67,"date":"2014-12-09T02:12:49","date_gmt":"2014-12-09T02:12:49","guid":{"rendered":"http:\/\/municipalidaddetrehuaco.cl\/Wordpress\/?page_id=67"},"modified":"2014-12-10T11:50:12","modified_gmt":"2014-12-10T14:50:12","slug":"servicios","status":"publish","type":"page","link":"https:\/\/www.municipalidaddetrehuaco.cl\/Wordpress\/servicios\/","title":{"rendered":"Servicios"},"content":{"rendered":"<p><strong>EDUCACI\u00d3N<\/strong><\/p>\n<p><strong>SALUD<\/strong><\/p>\n<p>Asesorar al Alcalde, el Concejo y al Director de Servicios incorporados en la formulaci\u00f3n de pol\u00edticas de Salud relativas al \u00e1rea.<br \/>\nProponer y ejecutar medidas tendientes a materializar acciones y programas de salud comunitaria.<br \/>\nReforzar la estrategia de Atenci\u00f3n Primaria de Salud como una herramienta para el desarrollo local.<br \/>\nOrganizar, coordinar, administrar y gestionar la Atenci\u00f3n Primaria de Salud Municipalizada en la Comuna de Trehuaco, integr\u00e1ndose a la red comunal asistencial, enmarcado en el Plan de Desarrollo Comunal, Misi\u00f3n Municipal y la Planificaci\u00f3n estrat\u00e9gica.<br \/>\nVisi\u00f3n y Misi\u00f3n \u00e1rea Salud Municipal de Trehuaco<\/p>\n<p>\u201cSomos un equipo que compartiendo los valores de equidad, solidaridad y justicia social, est\u00e1 al servico de la comunidad, integr\u00e1ndose como agente activo al desarrollo local, a trav\u00e9s de la estrategia de atenci\u00f3n primaria, fortaleciendo el modelo de salud familiar y optimizando la red asistencial de salud, estableciendo para ello relaciones de calidad y calidez con nuestros usuarios.\u201d<\/p>\n<p>Pol\u00edtica \u00e1rea Salud Municipal de trehuaco<\/p>\n<p>\u201cSe propiciar\u00e1 la corresponsabilidad social en salud a trav\u00e9s de la descentralizaci\u00f3n, el desarrollo de la participaci\u00f3n social y la coordinaci\u00f3n intra e intersectorial. Se asegurar\u00e1 el acceso, calidad t\u00e9cnica y resolutividad en las acciones de salud con un enfoque costoeficiente. Se reconocer\u00e1 al equipo de salud como su prncipal fortaleza, comprometi\u00e9ndose a contribuir a su desarrollo y bienestar.\u201d<\/p>\n<p><strong>OBRAS<\/strong><\/p>\n<p>Velar por el cumplimiento de las disposiciones de la Ley General de Urbanismo y Construcciones, del plan regulador comunal y de las ordenanzas correspondientes, para cuyo efecto gozar\u00e1 de las siguientes atribuciones espec\u00edficas:<br \/>\nDar aprobaci\u00f3n a las subdivisiones de predios urbanos y urbanorurales.<br \/>\nDar aprobaci\u00f3n a los proyectos de obras de urbanizaci\u00f3n y de construcci\u00f3n.<br \/>\nOtorgar los permisos de edificaci\u00f3n de las obras se\u00f1aladas en el n\u00famero anterior.<br \/>\nFiscalizar la ejecuci\u00f3n de dichas obras hasta el momento de su recepci\u00f3n.<br \/>\nRecibirse de las obras ya citadas y autorizar su uso.<br \/>\nFiscalizar las obras en uso, a fin de verificar el cumplimiento de las disposiciones legales y t\u00e9cnicas que las rijan.<br \/>\nAplicar normas ambientales relacionadas con obras de construcci\u00f3n y urbanizaci\u00f3n.<br \/>\nConfeccionar y mantener actualizado el catastro de las obras de urbanizaci\u00f3n y edificaci\u00f3n realizadas en la comuna.<br \/>\nEjecutar medidas relacionadas con la vialidad urbana y rural.<br \/>\nDirigir las construcciones que sean de responsabilidad municipal, sean ejecutadas directamente o a trav\u00e9s de terceros y, en general, aplicar las normas legales sobre construcci\u00f3n y urbanizaci\u00f3n en la comuna. Quien ejerza la jefatura de esta unidad deber\u00e1 poseer indistintamente el t\u00edtulo de arquitecto, de ingeniero civil, de constructor civil o de ingeniero constructor civil.<br \/>\n<strong>ASEO Y ORNATO<\/strong><\/p>\n","protected":false},"excerpt":{"rendered":"<p>EDUCACI\u00d3N SALUD Asesorar al Alcalde, el Concejo y al Director de Servicios incorporados en la formulaci\u00f3n de pol\u00edticas de Salud relativas al \u00e1rea. Proponer y ejecutar medidas tendientes a materializar acciones y programas de salud comunitaria. Reforzar la estrategia de&#8230;<\/p>\n","protected":false},"author":1,"featured_media":0,"parent":0,"menu_order":0,"comment_status":"closed","ping_status":"closed","template":"page-full.php","meta":{"footnotes":""},"class_list":["post-67","page","type-page","status-publish","hentry"],"_links":{"self":[{"href":"https:\/\/www.municipalidaddetrehuaco.cl\/Wordpress\/wp-json\/wp\/v2\/pages\/67","targetHints":{"allow":["GET"]}}],"collection":[{"href":"https:\/\/www.municipalidaddetrehuaco.cl\/Wordpress\/wp-json\/wp\/v2\/pages"}],"about":[{"href":"https:\/\/www.municipalidaddetrehuaco.cl\/Wordpress\/wp-json\/wp\/v2\/types\/page"}],"author":[{"embeddable":true,"href":"https:\/\/www.municipalidaddetrehuaco.cl\/Wordpress\/wp-json\/wp\/v2\/users\/1"}],"replies":[{"embeddable":true,"href":"https:\/\/www.municipalidaddetrehuaco.cl\/Wordpress\/wp-json\/wp\/v2\/comments?post=67"}],"version-history":[{"count":6,"href":"https:\/\/www.municipalidaddetrehuaco.cl\/Wordpress\/wp-json\/wp\/v2\/pages\/67\/revisions"}],"predecessor-version":[{"id":221,"href":"https:\/\/www.municipalidaddetrehuaco.cl\/Wordpress\/wp-json\/wp\/v2\/pages\/67\/revisions\/221"}],"wp:attachment":[{"href":"https:\/\/www.municipalidaddetrehuaco.cl\/Wordpress\/wp-json\/wp\/v2\/media?parent=67"}],"curies":[{"name":"wp","href":"https:\/\/api.w.org\/{rel}","templated":true}]}}