{"id":5561,"date":"2026-02-24T13:20:21","date_gmt":"2026-02-24T16:20:21","guid":{"rendered":"https:\/\/www.municipalidaddetrehuaco.cl\/Wordpress\/?page_id=5561"},"modified":"2026-02-24T13:26:09","modified_gmt":"2026-02-24T16:26:09","slug":"alcaldia","status":"publish","type":"page","link":"https:\/\/www.municipalidaddetrehuaco.cl\/Wordpress\/alcaldia\/","title":{"rendered":"Alcaldia"},"content":{"rendered":"\n<p class=\"has-text-align-center\"><strong>Misi\u00f3n Institucional Ilustre Municipalidad de Trehuaco<\/strong><\/p>\n\n\n\n<p>La Ilustre Municipalidad de Trehuaco tiene como misi\u00f3n servir a la comunidad mediante una gesti\u00f3n eficiente, transparente y participativa, orientada a mejorar la calidad de vida de todos sus habitantes.<\/p>\n\n\n\n<p>Nos comprometemos a identificar y atender de manera integral las necesidades sociales, econ\u00f3micas, culturales y ambientales de la comuna, promoviendo el desarrollo sostenible del territorio y priorizando a los sectores m\u00e1s vulnerables.<\/p>\n\n\n\n<p>Garantizamos el acceso oportuno a la informaci\u00f3n p\u00fablica, fomentamos la participaci\u00f3n ciudadana activa y fortalecemos la transparencia y la rendici\u00f3n de cuentas, consolidando una administraci\u00f3n cercana, responsable y al servicio de las personas.<\/p>\n\n\n\n<p class=\"has-text-align-center\"><strong>Visi\u00f3n Institucional Ilustre Municipalidad de Trehuaco<\/strong><\/p>\n\n\n\n<p>Aspiramos a que Trehuaco sea una comuna referente en desarrollo sostenible, equidad e innovaci\u00f3n en la gesti\u00f3n p\u00fablica, reconocida por su crecimiento arm\u00f3nico, su identidad cultural y el bienestar de su comunidad.<\/p>\n\n\n\n<p>Proyectamos una Municipalidad moderna, eficiente y participativa, con un equipo humano comprometido y capacitado, que impulse pol\u00edticas p\u00fablicas inclusivas, proteja el entorno natural y promueva oportunidades para todas y todos.<\/p>\n\n\n\n<p>So\u00f1amos con una comuna donde la colaboraci\u00f3n entre municipio y ciudadan\u00eda sea el motor del progreso, garantizando justicia social, transparencia y desarrollo integral para las futuras generaciones.<\/p>\n","protected":false},"excerpt":{"rendered":"<p>Misi\u00f3n Institucional Ilustre Municipalidad de Trehuaco La Ilustre Municipalidad de Trehuaco tiene como misi\u00f3n servir a la comunidad mediante una gesti\u00f3n eficiente, transparente y participativa, orientada a mejorar la calidad de vida de todos sus habitantes. Nos comprometemos a identificar&#8230;<\/p>\n","protected":false},"author":1,"featured_media":0,"parent":0,"menu_order":0,"comment_status":"closed","ping_status":"closed","template":"","meta":{"footnotes":""},"class_list":["post-5561","page","type-page","status-publish","hentry"],"_links":{"self":[{"href":"https:\/\/www.municipalidaddetrehuaco.cl\/Wordpress\/wp-json\/wp\/v2\/pages\/5561","targetHints":{"allow":["GET"]}}],"collection":[{"href":"https:\/\/www.municipalidaddetrehuaco.cl\/Wordpress\/wp-json\/wp\/v2\/pages"}],"about":[{"href":"https:\/\/www.municipalidaddetrehuaco.cl\/Wordpress\/wp-json\/wp\/v2\/types\/page"}],"author":[{"embeddable":true,"href":"https:\/\/www.municipalidaddetrehuaco.cl\/Wordpress\/wp-json\/wp\/v2\/users\/1"}],"replies":[{"embeddable":true,"href":"https:\/\/www.municipalidaddetrehuaco.cl\/Wordpress\/wp-json\/wp\/v2\/comments?post=5561"}],"version-history":[{"count":2,"href":"https:\/\/www.municipalidaddetrehuaco.cl\/Wordpress\/wp-json\/wp\/v2\/pages\/5561\/revisions"}],"predecessor-version":[{"id":5563,"href":"https:\/\/www.municipalidaddetrehuaco.cl\/Wordpress\/wp-json\/wp\/v2\/pages\/5561\/revisions\/5563"}],"wp:attachment":[{"href":"https:\/\/www.municipalidaddetrehuaco.cl\/Wordpress\/wp-json\/wp\/v2\/media?parent=5561"}],"curies":[{"name":"wp","href":"https:\/\/api.w.org\/{rel}","templated":true}]}}